{"id":1985,"date":"2026-01-04T16:17:43","date_gmt":"2026-01-04T16:17:43","guid":{"rendered":"https:\/\/softlite.pt\/?post_type=product&#038;p=1985"},"modified":"2026-04-29T15:10:17","modified_gmt":"2026-04-29T15:10:17","slug":"photoshop-2021-lightroom-2021-para-windows","status":"publish","type":"product","link":"https:\/\/softlite.pt\/pt\/produto\/photoshop-2021-lightroom-2021-para-windows\/","title":{"rendered":"Photoshop 2021 + Lightroom 2021 (para Windows)"},"content":{"rendered":"<p data-start=\"0\" data-end=\"246\">O pacote <strong data-start=\"9\" data-end=\"59\">Photoshop 2021 + Lightroom 2021 (para Windows)<\/strong> \u00e9 uma combina\u00e7\u00e3o cl\u00e1ssica e muito eficaz para fot\u00f3grafos e profissionais criativos que procuram um fluxo de trabalho completo de edi\u00e7\u00e3o, retoque e gest\u00e3o fotogr\u00e1fica em ambiente Windows.<\/p>\n<p data-start=\"248\" data-end=\"709\"><strong data-start=\"248\" data-end=\"272\">Adoe Photoshop 2021<\/strong> \u00e9 o software profissional de edi\u00e7\u00e3o de imagens desenvolvido pela . Est\u00e1 orientado para retoque fotogr\u00e1fico avan\u00e7ado, composi\u00e7\u00e3o de imagens e design gr\u00e1fico. Permite trabalhar com camadas, m\u00e1scaras, ajustes de cor precisos, efeitos e ferramentas de edi\u00e7\u00e3o detalhadas, sendo ideal para trabalhos que exigem m\u00e1xima precis\u00e3o e controlo criativo. A vers\u00e3o 2021 \u00e9 est\u00e1vel, funciona em modo offline e est\u00e1 otimizada para sistemas Windows.<\/p>\n<p data-start=\"711\" data-end=\"1238\"><strong data-start=\"711\" data-end=\"735\">Lightroom 2021<\/strong> complementa perfeitamente o Photoshop como ferramenta de organiza\u00e7\u00e3o e edi\u00e7\u00e3o fotogr\u00e1fica. Foi desenvolvido para gerir grandes bibliotecas de imagens e realizar ajustes globais como exposi\u00e7\u00e3o, balan\u00e7o de brancos, cor e contraste em ficheiros RAW e JPEG. O Lightroom 2021 permite um fluxo de trabalho r\u00e1pido e organizado, ideal para fot\u00f3grafos profissionais e criadores de conte\u00fado que trabalham com grandes volumes de fotografias. Tamb\u00e9m pode ser utilizado offline e funciona exclusivamente em Windows.<\/p>\n<p data-start=\"1240\" data-end=\"1491\">Em conjunto, <strong data-start=\"1253\" data-end=\"1288\">Photoshop 2021 e Lightroom 2021<\/strong> oferecem um ambiente de trabalho completo e equilibrado, onde o Lightroom \u00e9 respons\u00e1vel pela organiza\u00e7\u00e3o e ajustes gerais, enquanto o Photoshop permite retoques e edi\u00e7\u00f5es avan\u00e7adas a n\u00edvel profissional.<\/p>\n<p data-start=\"1493\" data-end=\"1554\">","protected":false},"excerpt":{"rendered":"<div class=\"flex flex-col text-sm pb-25\">\n<section class=\"text-token-text-primary w-full focus:outline-none [--shadow-height:45px] has-data-writing-block:pointer-events-none has-data-writing-block:-mt-(--shadow-height) has-data-writing-block:pt-(--shadow-height) [&amp;:has([data-writing-block])&gt;*]:pointer-events-auto scroll-mt-[calc(var(--header-height)+min(200px,max(70px,20svh)))]\" dir=\"auto\" data-turn-id=\"request-WEB:d577b66a-3e75-4987-9ce2-03f0711826de-0\" data-testid=\"conversation-turn-2\" data-scroll-anchor=\"true\" data-turn=\"assistant\">\n<div class=\"text-base my-auto mx-auto pb-10 [--thread-content-margin:var(--thread-content-margin-xs,calc(var(--spacing)*4))] @w-sm\/main:[--thread-content-margin:var(--thread-content-margin-sm,calc(var(--spacing)*6))] @w-lg\/main:[--thread-content-margin:var(--thread-content-margin-lg,calc(var(--spacing)*16))] px-(--thread-content-margin)\">\n<div class=\"[--thread-content-max-width:40rem] @w-lg\/main:[--thread-content-max-width:48rem] mx-auto max-w-(--thread-content-max-width) flex-1 group\/turn-messages focus-visible:outline-hidden relative flex w-full min-w-0 flex-col agent-turn\">\n<div class=\"flex max-w-full flex-col gap-4 grow\">\n<div class=\"min-h-8 text-message relative flex w-full flex-col items-end gap-2 text-start break-words whitespace-normal outline-none keyboard-focused:focus-ring [.text-message+&amp;]:mt-1\" dir=\"auto\" tabindex=\"0\" data-message-author-role=\"assistant\" data-message-id=\"258c9ea1-16e0-4a34-add6-aa1f85834040\" data-message-model-slug=\"gpt-5-3\" data-turn-start-message=\"true\">\n<div class=\"flex w-full flex-col gap-1 empty:hidden\">\n<div class=\"markdown prose dark:prose-invert w-full wrap-break-word dark markdown-new-styling\">\n<p data-start=\"1493\" data-end=\"1554\">\ud83c\udfa8 <strong data-start=\"1496\" data-end=\"1554\">Photoshop 2021 \u2013 edi\u00e7\u00e3o e retoque fotogr\u00e1fico avan\u00e7ado<\/strong><\/p>\n<p data-start=\"1556\" data-end=\"1625\">\ud83d\udcf8 <strong data-start=\"1559\" data-end=\"1625\">Lightroom 2021 \u2013 organiza\u00e7\u00e3o e ajustes fotogr\u00e1ficos eficientes<\/strong><\/p>\n<p data-start=\"1627\" data-end=\"1678\">\u26a1 <strong data-start=\"1629\" data-end=\"1678\">Fluxo de trabalho profissional e complementar<\/strong><\/p>\n<p data-start=\"1680\" data-end=\"1726\" data-is-last-node=\"\" data-is-only-node=\"\">\ud83d\udda5\ufe0f <strong data-start=\"1684\" data-end=\"1726\" data-is-last-node=\"\">Otimizado especificamente para Windows<\/strong><\/p>\n<\/div>\n<\/div>\n<\/div>\n<\/div>\n<div class=\"z-0 flex min-h-[46px] justify-start\"><\/div>\n<div class=\"mt-3 w-full empty:hidden\">\n<div class=\"text-center\"><\/div>\n<\/div>\n<\/div>\n<\/div>\n<\/section>\n<\/div>\n<div class=\"pointer-events-none h-px w-px absolute bottom-0\" aria-hidden=\"true\" data-edge=\"true\"><\/div>\n","protected":false},"featured_media":1988,"comment_status":"open","ping_status":"closed","template":"","meta":[],"product_brand":[],"product_cat":[34,35],"product_tag":[],"class_list":{"0":"post-1985","1":"product","2":"type-product","3":"status-publish","4":"has-post-thumbnail","6":"product_cat-grafico","7":"product_cat-ofertas-de-paquetes","9":"first","10":"instock","11":"sale","12":"shipping-taxable","13":"purchasable","14":"product-type-simple"},"_links":{"self":[{"href":"https:\/\/softlite.pt\/pt\/wp-json\/wp\/v2\/product\/1985","targetHints":{"allow":["GET"]}}],"collection":[{"href":"https:\/\/softlite.pt\/pt\/wp-json\/wp\/v2\/product"}],"about":[{"href":"https:\/\/softlite.pt\/pt\/wp-json\/wp\/v2\/types\/product"}],"replies":[{"embeddable":true,"href":"https:\/\/softlite.pt\/pt\/wp-json\/wp\/v2\/comments?post=1985"}],"wp:featuredmedia":[{"embeddable":true,"href":"https:\/\/softlite.pt\/pt\/wp-json\/wp\/v2\/media\/1988"}],"wp:attachment":[{"href":"https:\/\/softlite.pt\/pt\/wp-json\/wp\/v2\/media?parent=1985"}],"wp:term":[{"taxonomy":"product_brand","embeddable":true,"href":"https:\/\/softlite.pt\/pt\/wp-json\/wp\/v2\/product_brand?post=1985"},{"taxonomy":"product_cat","embeddable":true,"href":"https:\/\/softlite.pt\/pt\/wp-json\/wp\/v2\/product_cat?post=1985"},{"taxonomy":"product_tag","embeddable":true,"href":"https:\/\/softlite.pt\/pt\/wp-json\/wp\/v2\/product_tag?post=1985"}],"curies":[{"name":"wp","href":"https:\/\/api.w.org\/{rel}","templated":true}]}}