{"id":1285,"date":"2025-11-06T17:27:53","date_gmt":"2025-11-06T17:27:53","guid":{"rendered":"https:\/\/softlite.pt\/?post_type=product&#038;p=1285"},"modified":"2026-04-02T15:37:33","modified_gmt":"2026-04-02T15:37:33","slug":"office-365-acrobat-pro-2020","status":"publish","type":"product","link":"https:\/\/softlite.pt\/pt\/produto\/office-365-acrobat-pro-2020\/","title":{"rendered":"Office 365 + Acrobat Pro 2020"},"content":{"rendered":"<p><strong>\ud83d\udcbc Office 365 + Acrobat Pro 2020 | Pacote Completo de Produtividade para Windows<\/strong><\/p>\n<p>Aumente a sua <strong>produtividade<\/strong> e melhore a <strong>gest\u00e3o eficiente de documentos<\/strong> com a poderosa combina\u00e7\u00e3o de <strong>Office 365<\/strong> e <strong>Acrobat Pro 2020 para Windows<\/strong>.<br \/>Este pacote \u00e9 ideal para <strong>profissionais, estudantes e empresas<\/strong> que necessitam de <strong>aplica\u00e7\u00f5es de escrit\u00f3rio de alto n\u00edvel<\/strong> juntamente com <strong>ferramentas fi\u00e1veis para trabalhar com ficheiros PDF<\/strong>.<\/p>\n<p><strong>Office 365<\/strong> d\u00e1-lhe acesso \u00e0 <strong>suite completa das principais aplica\u00e7\u00f5es da Microsoft<\/strong> \u2014 <strong>Word, Excel, PowerPoint, Outlook, OneNote e Teams<\/strong> \u2014 al\u00e9m de <strong>armazenamento na cloud<\/strong> e <strong>funcionalidades de colabora\u00e7\u00e3o em tempo real<\/strong>.<br \/>Mantenha-se <strong>produtivo, organizado e ligado<\/strong> a partir de qualquer lugar.<\/p>\n<p><strong>Acrobat Pro 2020<\/strong> oferece <strong>ferramentas profissionais<\/strong> para <strong>criar, editar, converter e proteger documentos PDF<\/strong>.<br \/>Com fun\u00e7\u00f5es avan\u00e7adas como o <strong>Reconhecimento \u00d3tico de Caracteres (OCR)<\/strong>, a <strong>edi\u00e7\u00e3o de formul\u00e1rios<\/strong> e o <strong>suporte para assinaturas eletr\u00f3nicas<\/strong>, garante um fluxo de trabalho <strong>fluido, eficiente e totalmente offline<\/strong>, sem necessidade de subscri\u00e7\u00e3o.<\/p>\n<p>Juntos, <strong>Office 365 + Acrobat Pro 2020<\/strong> representam um <strong>pacote completo para o trabalho moderno<\/strong> \u2014 com <strong>comunica\u00e7\u00e3o inteligente, cria\u00e7\u00e3o profissional de documentos<\/strong> e <strong>controlo total sobre os seus ficheiros<\/strong>.<\/p>","protected":false},"excerpt":{"rendered":"<p data-start=\"1373\" data-end=\"1825\" data-is-last-node=\"\" data-is-only-node=\"\">\ud83d\udcca <strong data-start=\"1376\" data-end=\"1390\">Office 365<\/strong> \u2013 Word, Excel, PowerPoint, Outlook y m\u00e1s, con opciones de colaboraci\u00f3n en la nube<br data-start=\"1472\" data-end=\"1475\" \/>\ud83d\udcc4 <strong data-start=\"1478\" data-end=\"1498\">Acrobat Pro 2020<\/strong> \u2013 herramientas profesionales para crear, editar y convertir archivos PDF<br data-start=\"1571\" data-end=\"1574\" \/>\u2699\ufe0f <strong data-start=\"1577\" data-end=\"1634\">Funcionamiento totalmente offline en Acrobat Pro 2020<\/strong>, sin suscripci\u00f3n requerida<br data-start=\"1661\" data-end=\"1664\" \/>\u2601\ufe0f <strong data-start=\"1667\" data-end=\"1721\">Almacenamiento en la nube y colaboraci\u00f3n en equipo<\/strong> mediante Office 365<br data-start=\"1741\" data-end=\"1744\" \/>\ud83d\udce6 <strong data-start=\"1747\" data-end=\"1778\">Entrega digital instant\u00e1nea<\/strong> y <strong data-start=\"1781\" data-end=\"1806\">activaci\u00f3n permanente<\/strong> de ambos productos<\/p>","protected":false},"featured_media":1300,"comment_status":"open","ping_status":"closed","template":"","meta":[],"product_brand":[],"product_cat":[32,34,35],"product_tag":[],"class_list":{"0":"post-1285","1":"product","2":"type-product","3":"status-publish","4":"has-post-thumbnail","6":"product_cat-office","7":"product_cat-grafico","8":"product_cat-ofertas-de-paquetes","10":"first","11":"instock","12":"sale","13":"shipping-taxable","14":"purchasable","15":"product-type-simple"},"_links":{"self":[{"href":"https:\/\/softlite.pt\/pt\/wp-json\/wp\/v2\/product\/1285","targetHints":{"allow":["GET"]}}],"collection":[{"href":"https:\/\/softlite.pt\/pt\/wp-json\/wp\/v2\/product"}],"about":[{"href":"https:\/\/softlite.pt\/pt\/wp-json\/wp\/v2\/types\/product"}],"replies":[{"embeddable":true,"href":"https:\/\/softlite.pt\/pt\/wp-json\/wp\/v2\/comments?post=1285"}],"wp:featuredmedia":[{"embeddable":true,"href":"https:\/\/softlite.pt\/pt\/wp-json\/wp\/v2\/media\/1300"}],"wp:attachment":[{"href":"https:\/\/softlite.pt\/pt\/wp-json\/wp\/v2\/media?parent=1285"}],"wp:term":[{"taxonomy":"product_brand","embeddable":true,"href":"https:\/\/softlite.pt\/pt\/wp-json\/wp\/v2\/product_brand?post=1285"},{"taxonomy":"product_cat","embeddable":true,"href":"https:\/\/softlite.pt\/pt\/wp-json\/wp\/v2\/product_cat?post=1285"},{"taxonomy":"product_tag","embeddable":true,"href":"https:\/\/softlite.pt\/pt\/wp-json\/wp\/v2\/product_tag?post=1285"}],"curies":[{"name":"wp","href":"https:\/\/api.w.org\/{rel}","templated":true}]}}