{"id":993,"date":"2025-10-20T23:33:38","date_gmt":"2025-10-20T23:33:38","guid":{"rendered":"https:\/\/softlite.pt\/?page_id=993"},"modified":"2026-04-01T18:06:01","modified_gmt":"2026-04-01T18:06:01","slug":"legal-basis","status":"publish","type":"page","link":"https:\/\/softlite.pt\/pt\/legal-basis\/","title":{"rendered":"Base jur\u00eddica"},"content":{"rendered":"\t\t<div data-elementor-type=\"wp-page\" data-elementor-id=\"993\" class=\"elementor elementor-993\">\n\t\t\t\t<div class=\"elementor-element elementor-element-b2a2220 e-flex e-con-boxed e-con e-parent\" data-id=\"b2a2220\" data-element_type=\"container\" data-e-type=\"container\">\n\t\t\t\t\t<div class=\"e-con-inner\">\n\t\t\t\t<div class=\"elementor-element elementor-element-6150ed4 elementor-widget elementor-widget-text-editor\" data-id=\"6150ed4\" data-element_type=\"widget\" data-e-type=\"widget\" data-widget_type=\"text-editor.default\">\n\t\t\t\t\t\t\t\t\t<div class=\"flex flex-col text-sm pb-25\"><section class=\"text-token-text-primary w-full focus:outline-none [--shadow-height:45px] has-data-writing-block:pointer-events-none has-data-writing-block:-mt-(--shadow-height) has-data-writing-block:pt-(--shadow-height) [&amp;:has([data-writing-block])&gt;*]:pointer-events-auto scroll-mt-[calc(var(--header-height)+min(200px,max(70px,20svh)))]\" dir=\"auto\" data-turn-id=\"request-WEB:e07c6130-0cab-4515-b155-c1c509141fb4-1\" data-testid=\"conversation-turn-4\" data-scroll-anchor=\"true\" data-turn=\"assistant\"><div class=\"text-base my-auto mx-auto pb-10 [--thread-content-margin:var(--thread-content-margin-xs,calc(var(--spacing)*4))] @w-sm\/main:[--thread-content-margin:var(--thread-content-margin-sm,calc(var(--spacing)*6))] @w-lg\/main:[--thread-content-margin:var(--thread-content-margin-lg,calc(var(--spacing)*16))] px-(--thread-content-margin)\"><div class=\"[--thread-content-max-width:40rem] @w-lg\/main:[--thread-content-max-width:48rem] mx-auto max-w-(--thread-content-max-width) flex-1 group\/turn-messages focus-visible:outline-hidden relative flex w-full min-w-0 flex-col agent-turn\"><div class=\"flex max-w-full flex-col gap-4 grow\"><div class=\"min-h-8 text-message relative flex w-full flex-col items-end gap-2 text-start break-words whitespace-normal outline-none keyboard-focused:focus-ring [.text-message+&amp;]:mt-1\" dir=\"auto\" tabindex=\"0\" data-message-author-role=\"assistant\" data-message-id=\"f5af6639-525d-4a66-bc0d-a76cc1671e52\" data-message-model-slug=\"gpt-5-3\" data-turn-start-message=\"true\"><div class=\"flex w-full flex-col gap-1 empty:hidden\"><div class=\"markdown prose dark:prose-invert w-full wrap-break-word dark markdown-new-styling\"><p data-start=\"0\" data-end=\"48\"><strong data-start=\"0\" data-end=\"48\">Base legal para la revenda de software usado<\/strong><\/p><p data-start=\"50\" data-end=\"395\">A nossa loja \u00e9 especializada na revenda de licen\u00e7as de software usadas (de segunda m\u00e3o) dentro da Uni\u00e3o Europeia. A legalidade deste modelo de neg\u00f3cio baseia-se na doutrina do <strong data-start=\"226\" data-end=\"268\">esgotamento do direito de distribui\u00e7\u00e3o<\/strong> dos programas de computador na legisla\u00e7\u00e3o da UE e na respetiva jurisprud\u00eancia do Tribunal de Justi\u00e7a da Uni\u00e3o Europeia (TJUE).<\/p><p data-start=\"397\" data-end=\"993\">De acordo com a <strong data-start=\"413\" data-end=\"493\">Diretiva 2009\/24\/CE relativa \u00e0 prote\u00e7\u00e3o jur\u00eddica dos programas de computador<\/strong>, o direito exclusivo do titular dos direitos de distribuir uma c\u00f3pia espec\u00edfica de um programa de computador esgota-se ap\u00f3s a primeira venda dessa c\u00f3pia na Uni\u00e3o Europeia \/ Espa\u00e7o Econ\u00f3mico Europeu, desde que essa venda tenha sido realizada pelo titular dos direitos ou com o seu consentimento. Uma vez esgotado este direito de distribui\u00e7\u00e3o, essa c\u00f3pia pode ser revendida dentro da UE\/EEE sem necessidade de nova autoriza\u00e7\u00e3o do titular dos direitos, desde que determinadas condi\u00e7\u00f5es sejam cumpridas.<\/p><p data-start=\"995\" data-end=\"1353\">Na sua decis\u00e3o fundamental <strong data-start=\"1022\" data-end=\"1084\">UsedSoft GmbH contra Oracle International Corp. (C-128\/11)<\/strong>, o Tribunal de Justi\u00e7a da Uni\u00e3o Europeia confirmou que este princ\u00edpio de esgotamento tamb\u00e9m se aplica ao software que foi descarregado a partir do website do titular dos direitos, e n\u00e3o apenas ao software fornecido em suporte f\u00edsico. O Tribunal estabeleceu que quando:<\/p><ul data-start=\"1355\" data-end=\"1557\"><li data-section-id=\"9jgb16\" data-start=\"1355\" data-end=\"1431\">a licen\u00e7a \u00e9 concedida ao primeiro adquirente por um per\u00edodo ilimitado, e<\/li><li data-section-id=\"7jb786\" data-start=\"1432\" data-end=\"1557\">o adquirente paga um montante \u00fanico destinado a remunerar o titular dos direitos pelo valor econ\u00f3mico da c\u00f3pia do software,<\/li><\/ul><p data-start=\"1559\" data-end=\"1901\">a opera\u00e7\u00e3o \u00e9 equivalente a uma venda, e o direito de distribui\u00e7\u00e3o do titular dos direitos relativamente a essa c\u00f3pia fica esgotado. O adquirente fica, portanto, autorizado a revender a licen\u00e7a, desde que deixe de utilizar o software e torne a sua c\u00f3pia inutiliz\u00e1vel (por exemplo, atrav\u00e9s da desinstala\u00e7\u00e3o e sem conservar c\u00f3pias de seguran\u00e7a).<\/p><p data-start=\"1903\" data-end=\"2274\">Com base neste princ\u00edpio, o adquirente posterior de uma licen\u00e7a de software usada \u00e9 considerado um <strong data-start=\"2002\" data-end=\"2025\">adquirente leg\u00edtimo<\/strong> do programa e tem o direito de descarregar, instalar e utilizar o software na medida permitida pelos termos originais da licen\u00e7a, em conformidade com os <strong data-start=\"2179\" data-end=\"2239\">artigos 4.\u00ba, n.\u00ba 2, e 5.\u00ba, n.\u00ba 1, da Diretiva 2009\/24\/CE<\/strong>, conforme interpretados pelo TJUE.<\/p><hr data-start=\"2276\" data-end=\"2279\" \/><h2 data-section-id=\"1nbt319\" data-start=\"2281\" data-end=\"2319\">Como garantimos o cumprimento legal<\/h2><p data-start=\"2321\" data-end=\"2469\">Para cumprir este enquadramento jur\u00eddico da UE, a nossa loja aplica os seguintes princ\u00edpios a todas as licen\u00e7as de software usadas que comercializa:<\/p><h3 data-section-id=\"1u4p60\" data-start=\"2471\" data-end=\"2491\">Origem na UE\/EEE<\/h3><p data-start=\"2492\" data-end=\"2779\">Comercializamos apenas licen\u00e7as cuja aquisi\u00e7\u00e3o original ocorreu dentro da <strong data-start=\"2566\" data-end=\"2611\">Uni\u00e3o Europeia \/ Espa\u00e7o Econ\u00f3mico Europeu<\/strong>, diretamente junto do titular dos direitos ou de um distribuidor autorizado, garantindo assim a aplica\u00e7\u00e3o do princ\u00edpio de esgotamento do direito de distribui\u00e7\u00e3o na UE.<\/p><h3 data-section-id=\"gomn7f\" data-start=\"2781\" data-end=\"2810\">Apenas licen\u00e7as perp\u00e9tuas<\/h3><p data-start=\"2811\" data-end=\"3025\">Vendemos exclusivamente licen\u00e7as que foram originalmente concedidas por <strong data-start=\"2883\" data-end=\"2925\">per\u00edodo ilimitado (licen\u00e7as perp\u00e9tuas)<\/strong>. Subscri\u00e7\u00f5es, licen\u00e7as tempor\u00e1rias ou contratos de aluguer n\u00e3o s\u00e3o vendidos como \u201clicen\u00e7as usadas\u201d.<\/p><h3 data-section-id=\"4vzjzg\" data-start=\"3027\" data-end=\"3065\">Proibi\u00e7\u00e3o de utiliza\u00e7\u00e3o simult\u00e2nea<\/h3><p data-start=\"3066\" data-end=\"3146\">Obtemos declara\u00e7\u00f5es vinculativas do titular anterior da licen\u00e7a confirmando que:<\/p><ul data-start=\"3148\" data-end=\"3325\"><li data-section-id=\"5mb1rq\" data-start=\"3148\" data-end=\"3191\">o software j\u00e1 n\u00e3o est\u00e1 a ser utilizado,<\/li><li data-section-id=\"1daojux\" data-start=\"3192\" data-end=\"3239\">todas as instala\u00e7\u00f5es foram desinstaladas, e<\/li><li data-section-id=\"1c1oake\" data-start=\"3240\" data-end=\"3325\">nenhuma c\u00f3pia do software permanece na posse ou sob o controlo do titular anterior.<\/li><\/ul><p data-start=\"3327\" data-end=\"3427\">Isto garante que uma mesma licen\u00e7a n\u00e3o seja utilizada simultaneamente por mais do que um utilizador.<\/p><h3 data-section-id=\"10hybe6\" data-start=\"3429\" data-end=\"3485\">Proibi\u00e7\u00e3o de divis\u00e3o indevida de licen\u00e7as por volume<\/h3><p data-start=\"3486\" data-end=\"3792\">Quando uma licen\u00e7a fazia parte de um <strong data-start=\"3523\" data-end=\"3579\">contrato de licenciamento por volume ou multilicen\u00e7a<\/strong>, a sua revenda \u00e9 realizada apenas em conformidade com a legisla\u00e7\u00e3o aplic\u00e1vel e com os termos do contrato original. N\u00e3o dividimos pacotes de licen\u00e7as de forma incompat\u00edvel com os direitos originalmente concedidos.<\/p><h3 data-section-id=\"1ogfnf7\" data-start=\"3794\" data-end=\"3834\">Documenta\u00e7\u00e3o e prova de titularidade<\/h3><p data-start=\"3835\" data-end=\"4081\">Mantemos documenta\u00e7\u00e3o interna (faturas, contratos, declara\u00e7\u00f5es de desinstala\u00e7\u00e3o) que comprova a <strong data-start=\"3931\" data-end=\"3995\">cadeia leg\u00edtima de titularidade e a primeira venda na UE\/EEE<\/strong>, de forma a poder justificar a legalidade de cada licen\u00e7a revendida, caso necess\u00e1rio.<\/p><hr data-start=\"4083\" data-end=\"4086\" \/><h2 data-section-id=\"1ws55eg\" data-start=\"4088\" data-end=\"4145\">Prote\u00e7\u00e3o do consumidor e normas sobre conte\u00fado digital<\/h2><p data-start=\"4147\" data-end=\"4265\">Quando vendemos software a consumidores, os nossos contratos tamb\u00e9m s\u00e3o regidos pela legisla\u00e7\u00e3o nacional que transp\u00f5e:<\/p><ul data-start=\"4267\" data-end=\"4490\"><li data-section-id=\"10ps88h\" data-start=\"4267\" data-end=\"4397\">a <strong data-start=\"4271\" data-end=\"4297\">Diretiva (UE) 2019\/770<\/strong> relativa a determinados aspetos dos contratos de fornecimento de conte\u00fados e servi\u00e7os digitais, e<\/li><li data-section-id=\"6arusm\" data-start=\"4398\" data-end=\"4490\">outras normas aplic\u00e1veis da UE e do direito nacional em mat\u00e9ria de prote\u00e7\u00e3o do consumidor.<\/li><\/ul><p data-start=\"4492\" data-end=\"4977\">Estas normas estabelecem os direitos do consumidor relativamente \u00e0 <strong data-start=\"4559\" data-end=\"4595\">conformidade do conte\u00fado digital<\/strong>, aos <strong data-start=\"4601\" data-end=\"4658\">recursos dispon\u00edveis em caso de falta de conformidade<\/strong> e, quando aplic\u00e1vel, \u00e0s <strong data-start=\"4683\" data-end=\"4737\">obriga\u00e7\u00f5es relacionadas com atualiza\u00e7\u00f5es e suporte<\/strong>. Os nossos <strong data-start=\"4749\" data-end=\"4820\">Termos e Condi\u00e7\u00f5es, pol\u00edtica de desist\u00eancia e condi\u00e7\u00f5es de garantia<\/strong> s\u00e3o concebidos para cumprir a legisla\u00e7\u00e3o do Estado-Membro onde a nossa empresa est\u00e1 estabelecida e\/ou para o qual dirigimos as nossas atividades comerciais.<\/p><hr data-start=\"4979\" data-end=\"4982\" \/><h2 data-section-id=\"162f3wh\" data-start=\"4984\" data-end=\"4994\">Reserva<\/h2><p data-start=\"4996\" data-end=\"5613\" data-is-last-node=\"\" data-is-only-node=\"\">A revenda de licen\u00e7as de software usadas \u00e9 uma \u00e1rea jur\u00eddica complexa e pode ser interpretada de forma diferente entre os v\u00e1rios Estados-Membros da Uni\u00e3o Europeia. O nosso modelo de neg\u00f3cio e processos internos foram concebidos para cumprir a <strong data-start=\"5239\" data-end=\"5319\">legisla\u00e7\u00e3o da Uni\u00e3o Europeia e a jurisprud\u00eancia do Tribunal de Justi\u00e7a da UE<\/strong>, conforme a sua interpreta\u00e7\u00e3o atualmente vigente. No entanto, nada do que aqui \u00e9 apresentado constitui <strong data-start=\"5423\" data-end=\"5450\">aconselhamento jur\u00eddico<\/strong> dirigido aos clientes, nem representa uma ren\u00fancia aos direitos que possam caber \u00e0 nossa empresa ou aos titulares dos direitos nos termos da legisla\u00e7\u00e3o aplic\u00e1vel.<\/p><\/div><\/div><\/div><\/div><div class=\"z-0 flex min-h-[46px] justify-start\">\u00a0<\/div><div class=\"mt-3 w-full empty:hidden\"><div class=\"text-center\">\u00a0<\/div><\/div><\/div><\/div><\/section><\/div><div class=\"pointer-events-none h-px w-px absolute bottom-0\" aria-hidden=\"true\" data-edge=\"true\">\u00a0<\/div>\t\t\t\t\t\t\t\t<\/div>\n\t\t\t\t\t<\/div>\n\t\t\t\t<\/div>\n\t\t\t\t<\/div>\n\t\t","protected":false},"excerpt":{"rendered":"<p>Base legal para la revenda de software usado A nossa loja \u00e9 especializada na revenda de licen\u00e7as de software usadas (de segunda m\u00e3o) dentro da Uni\u00e3o Europeia. A legalidade deste modelo de neg\u00f3cio baseia-se na doutrina do esgotamento do direito de distribui\u00e7\u00e3o dos programas de computador na legisla\u00e7\u00e3o da UE e na respetiva jurisprud\u00eancia do [&hellip;]<\/p>\n","protected":false},"author":1,"featured_media":0,"parent":0,"menu_order":0,"comment_status":"closed","ping_status":"closed","template":"","meta":{"footnotes":""},"class_list":["post-993","page","type-page","status-publish","hentry"],"blocksy_meta":[],"_links":{"self":[{"href":"https:\/\/softlite.pt\/pt\/wp-json\/wp\/v2\/pages\/993","targetHints":{"allow":["GET"]}}],"collection":[{"href":"https:\/\/softlite.pt\/pt\/wp-json\/wp\/v2\/pages"}],"about":[{"href":"https:\/\/softlite.pt\/pt\/wp-json\/wp\/v2\/types\/page"}],"author":[{"embeddable":true,"href":"https:\/\/softlite.pt\/pt\/wp-json\/wp\/v2\/users\/1"}],"replies":[{"embeddable":true,"href":"https:\/\/softlite.pt\/pt\/wp-json\/wp\/v2\/comments?post=993"}],"version-history":[{"count":8,"href":"https:\/\/softlite.pt\/pt\/wp-json\/wp\/v2\/pages\/993\/revisions"}],"predecessor-version":[{"id":2598,"href":"https:\/\/softlite.pt\/pt\/wp-json\/wp\/v2\/pages\/993\/revisions\/2598"}],"wp:attachment":[{"href":"https:\/\/softlite.pt\/pt\/wp-json\/wp\/v2\/media?parent=993"}],"curies":[{"name":"wp","href":"https:\/\/api.w.org\/{rel}","templated":true}]}}