{"id":980,"date":"2025-10-20T23:32:17","date_gmt":"2025-10-20T23:32:17","guid":{"rendered":"https:\/\/softlite.pt\/?page_id=980"},"modified":"2026-04-01T18:09:03","modified_gmt":"2026-04-01T18:09:03","slug":"privacy-policy","status":"publish","type":"page","link":"https:\/\/softlite.pt\/pt\/privacy-policy\/","title":{"rendered":"Pol\u00edtica de privacidad"},"content":{"rendered":"\t\t<div data-elementor-type=\"wp-page\" data-elementor-id=\"980\" class=\"elementor elementor-980\">\n\t\t\t\t<div class=\"elementor-element elementor-element-964f17c e-flex e-con-boxed e-con e-parent\" data-id=\"964f17c\" data-element_type=\"container\" data-e-type=\"container\">\n\t\t\t\t\t<div class=\"e-con-inner\">\n\t\t\t\t<div class=\"elementor-element elementor-element-bdd1468 elementor-widget elementor-widget-text-editor\" data-id=\"bdd1468\" data-element_type=\"widget\" data-e-type=\"widget\" data-widget_type=\"text-editor.default\">\n\t\t\t\t\t\t\t\t\t<div class=\"flex flex-col text-sm pb-25\"><section class=\"text-token-text-primary w-full focus:outline-none [--shadow-height:45px] has-data-writing-block:pointer-events-none has-data-writing-block:-mt-(--shadow-height) has-data-writing-block:pt-(--shadow-height) [&amp;:has([data-writing-block])&gt;*]:pointer-events-auto scroll-mt-[calc(var(--header-height)+min(200px,max(70px,20svh)))]\" dir=\"auto\" data-turn-id=\"request-WEB:e07c6130-0cab-4515-b155-c1c509141fb4-2\" data-testid=\"conversation-turn-6\" data-scroll-anchor=\"true\" data-turn=\"assistant\"><div class=\"text-base my-auto mx-auto pb-10 [--thread-content-margin:var(--thread-content-margin-xs,calc(var(--spacing)*4))] @w-sm\/main:[--thread-content-margin:var(--thread-content-margin-sm,calc(var(--spacing)*6))] @w-lg\/main:[--thread-content-margin:var(--thread-content-margin-lg,calc(var(--spacing)*16))] px-(--thread-content-margin)\"><div class=\"[--thread-content-max-width:40rem] @w-lg\/main:[--thread-content-max-width:48rem] mx-auto max-w-(--thread-content-max-width) flex-1 group\/turn-messages focus-visible:outline-hidden relative flex w-full min-w-0 flex-col agent-turn\"><div class=\"flex max-w-full flex-col gap-4 grow\"><div class=\"min-h-8 text-message relative flex w-full flex-col items-end gap-2 text-start break-words whitespace-normal outline-none keyboard-focused:focus-ring [.text-message+&amp;]:mt-1\" dir=\"auto\" tabindex=\"0\" data-message-author-role=\"assistant\" data-message-id=\"a4e3eea1-b343-4ecb-89f0-4fcb1073b6a8\" data-message-model-slug=\"gpt-5-3\" data-turn-start-message=\"true\"><div class=\"flex w-full flex-col gap-1 empty:hidden\"><div class=\"markdown prose dark:prose-invert w-full wrap-break-word dark markdown-new-styling\"><p data-start=\"0\" data-end=\"292\"><strong data-start=\"0\" data-end=\"29\">Data de entrada em vigor:<\/strong> April de 2026<br data-start=\"46\" data-end=\"49\" \/><strong data-start=\"49\" data-end=\"61\">Website:<\/strong> softlite.pt<br data-start=\"73\" data-end=\"76\" \/><strong data-start=\"76\" data-end=\"88\">Empresa:<\/strong> Softlite S.R.L.<br data-start=\"104\" data-end=\"107\" \/><strong data-start=\"107\" data-end=\"148\">N\u00famero de identifica\u00e7\u00e3o fiscal (IVA):<\/strong> RO51878112<br data-start=\"159\" data-end=\"162\" \/><strong data-start=\"162\" data-end=\"185\">Endere\u00e7o registado:<\/strong> Comuna L\u0103z\u0103reni, Nr. 38, Miheleu, Condado de Bihor, Rom\u00e9nia, 417313<br data-start=\"253\" data-end=\"256\" \/><strong data-start=\"256\" data-end=\"267\">E-mail:<\/strong> <a class=\"decorated-link cursor-pointer\" rel=\"noopener\" data-start=\"268\" data-end=\"290\">softlite.srl@gmail.com<\/a><\/p><hr data-start=\"294\" data-end=\"297\" \/><h1 data-section-id=\"1b9qpv8\" data-start=\"299\" data-end=\"324\">Pol\u00edtica de Privacidade<\/h1><h2 data-section-id=\"1rhwvny\" data-start=\"326\" data-end=\"342\">1. Introdu\u00e7\u00e3o<\/h2><p data-start=\"344\" data-end=\"653\">A <strong data-start=\"346\" data-end=\"365\">Softlite S.R.L.<\/strong> (\u201cn\u00f3s\u201d, \u201cnos\u201d ou \u201cnosso\u201d) valoriza a sua privacidade e compromete-se a proteger os seus dados pessoais.<br data-start=\"469\" data-end=\"472\" \/>Esta Pol\u00edtica de Privacidade explica como recolhemos, utilizamos, armazenamos e protegemos as informa\u00e7\u00f5es que fornece ao utilizar <strong data-start=\"602\" data-end=\"617\">softlite.pt<\/strong> ou ao realizar uma compra connosco.<\/p><p data-start=\"655\" data-end=\"758\">Ao utilizar o nosso website ou ao adquirir os nossos produtos, aceita esta <strong data-start=\"730\" data-end=\"757\">Pol\u00edtica de Privacidade<\/strong>.<\/p><hr data-start=\"760\" data-end=\"763\" \/><h2 data-section-id=\"csuxwk\" data-start=\"765\" data-end=\"807\">2. Respons\u00e1vel pelo tratamento de dados<\/h2><p data-start=\"809\" data-end=\"887\">O respons\u00e1vel pelo tratamento dos seus dados pessoais ao abrigo do <strong data-start=\"876\" data-end=\"884\">RGPD<\/strong> \u00e9:<\/p><p data-start=\"889\" data-end=\"1006\"><strong data-start=\"889\" data-end=\"908\">Softlite S.R.L.<\/strong><br data-start=\"908\" data-end=\"911\" \/>Endere\u00e7o: Comuna L\u0103z\u0103reni, Nr. 38, Miheleu, Bihor, Rom\u00e9nia<br data-start=\"969\" data-end=\"972\" \/>E-mail: <strong data-start=\"980\" data-end=\"1006\"><a class=\"decorated-link cursor-pointer\" rel=\"noopener\" data-start=\"982\" data-end=\"1004\">softlite.srl@gmail.com<\/a><\/strong><\/p><hr data-start=\"1008\" data-end=\"1011\" \/><h2 data-section-id=\"1ehwva\" data-start=\"1013\" data-end=\"1045\">3. Informa\u00e7\u00f5es que recolhemos<\/h2><p data-start=\"1047\" data-end=\"1146\">Recolhemos apenas os dados necess\u00e1rios para processar o seu pedido e garantir um servi\u00e7o eficiente.<\/p><h3 data-section-id=\"zdegeo\" data-start=\"1148\" data-end=\"1200\">a. Informa\u00e7\u00f5es fornecidas voluntariamente por si<\/h3><ul data-start=\"1202\" data-end=\"1416\"><li data-section-id=\"68nbmq\" data-start=\"1202\" data-end=\"1219\">Nome completo<\/li><li data-section-id=\"9jh999\" data-start=\"1220\" data-end=\"1242\">Endere\u00e7o de e-mail<\/li><li data-section-id=\"ykswci\" data-start=\"1243\" data-end=\"1268\">Endere\u00e7o de fatura\u00e7\u00e3o<\/li><li data-section-id=\"s9d318\" data-start=\"1269\" data-end=\"1319\">Nome da empresa e n\u00famero de IVA (se aplic\u00e1vel)<\/li><li data-section-id=\"1gpbdus\" data-start=\"1320\" data-end=\"1416\">Dados de pagamento (processados de forma segura atrav\u00e9s de gateways de pagamento de terceiros)<\/li><\/ul><h3 data-section-id=\"1r4b5x1\" data-start=\"1418\" data-end=\"1463\">b. Informa\u00e7\u00f5es recolhidas automaticamente<\/h3><p data-start=\"1465\" data-end=\"1563\">Ao visitar o nosso website, alguns dados t\u00e9cnicos podem ser recolhidos automaticamente, tais como:<\/p><ul data-start=\"1565\" data-end=\"1715\"><li data-section-id=\"rqjy1w\" data-start=\"1565\" data-end=\"1580\">Endere\u00e7o IP<\/li><li data-section-id=\"zprsxl\" data-start=\"1581\" data-end=\"1611\">Tipo e vers\u00e3o do navegador<\/li><li data-section-id=\"2km5lg\" data-start=\"1612\" data-end=\"1662\">Informa\u00e7\u00f5es do dispositivo e sistema operativo<\/li><li data-section-id=\"uhma8a\" data-start=\"1663\" data-end=\"1715\">P\u00e1ginas visitadas e tempo de perman\u00eancia no site<\/li><\/ul><p data-start=\"1717\" data-end=\"1817\">Estes dados s\u00e3o utilizados apenas para fins <strong data-start=\"1761\" data-end=\"1816\">anal\u00edticos, de seguran\u00e7a e de otimiza\u00e7\u00e3o do website<\/strong>.<\/p><hr data-start=\"1819\" data-end=\"1822\" \/><h2 data-section-id=\"1mmwmcm\" data-start=\"1824\" data-end=\"1863\">4. Finalidade do tratamento de dados<\/h2><p data-start=\"1865\" data-end=\"1920\">Tratamos os seus dados pessoais para os seguintes fins:<\/p><ul data-start=\"1922\" data-end=\"2171\"><li data-section-id=\"129gzfw\" data-start=\"1922\" data-end=\"1967\">Processar e entregar o seu pedido digital<\/li><li data-section-id=\"awwk7x\" data-start=\"1968\" data-end=\"2003\">Emitir e enviar faturas com IVA<\/li><li data-section-id=\"122cias\" data-start=\"2004\" data-end=\"2063\">Fornecer suporte ao cliente e gerir pedidos de contacto<\/li><li data-section-id=\"1k2m471\" data-start=\"2064\" data-end=\"2112\">Cumprir obriga\u00e7\u00f5es fiscais e contabil\u00edsticas<\/li><li data-section-id=\"1s1osi4\" data-start=\"2113\" data-end=\"2171\">Melhorar o nosso website e a experi\u00eancia do utilizador<\/li><\/ul><p data-start=\"2173\" data-end=\"2276\"><strong data-start=\"2173\" data-end=\"2276\">N\u00e3o vendemos, alugamos nem partilhamos os seus dados pessoais com terceiros para fins de marketing.<\/strong><\/p><hr data-start=\"2278\" data-end=\"2281\" \/><h2 data-section-id=\"sm2rfu\" data-start=\"2283\" data-end=\"2317\">5. Base legal para o tratamento<\/h2><p data-start=\"2319\" data-end=\"2392\">Os dados s\u00e3o tratados com base em uma ou mais das seguintes bases legais:<\/p><ul data-start=\"2394\" data-end=\"2702\"><li data-section-id=\"1ifncva\" data-start=\"2394\" data-end=\"2457\"><strong data-start=\"2396\" data-end=\"2421\">Execu\u00e7\u00e3o de contrato:<\/strong> para entregar o produto adquirido<\/li><li data-section-id=\"1wdyx2d\" data-start=\"2458\" data-end=\"2528\"><strong data-start=\"2460\" data-end=\"2480\">Obriga\u00e7\u00e3o legal:<\/strong> para cumprir normas fiscais e contabil\u00edsticas<\/li><li data-section-id=\"mqhxuf\" data-start=\"2529\" data-end=\"2611\"><strong data-start=\"2531\" data-end=\"2554\">Interesse leg\u00edtimo:<\/strong> para garantir a seguran\u00e7a do website e prevenir fraude<\/li><li data-section-id=\"1rmu797\" data-start=\"2612\" data-end=\"2702\"><strong data-start=\"2614\" data-end=\"2632\">Consentimento:<\/strong> para envio de newsletters ou comunica\u00e7\u00f5es de marketing (se subscrito)<\/li><\/ul><hr data-start=\"2704\" data-end=\"2707\" \/><h2 data-section-id=\"ceqdeq\" data-start=\"2709\" data-end=\"2736\">6. Conserva\u00e7\u00e3o dos dados<\/h2><p data-start=\"2738\" data-end=\"2809\">Conservamos os seus dados pessoais apenas durante o per\u00edodo necess\u00e1rio:<\/p><ul data-start=\"2811\" data-end=\"2990\"><li data-section-id=\"1hq6l0l\" data-start=\"2811\" data-end=\"2887\"><strong data-start=\"2813\" data-end=\"2844\">Dados de pedidos e faturas:<\/strong> at\u00e9 10 anos (de acordo com a legisla\u00e7\u00e3o)<\/li><li data-section-id=\"qlx97l\" data-start=\"2888\" data-end=\"2931\"><strong data-start=\"2890\" data-end=\"2918\">Comunica\u00e7\u00f5es de suporte:<\/strong> at\u00e9 2 anos<\/li><li data-section-id=\"9fqyqt\" data-start=\"2932\" data-end=\"2990\"><strong data-start=\"2934\" data-end=\"2964\">Subscri\u00e7\u00f5es de newsletter:<\/strong> at\u00e9 cancelar a subscri\u00e7\u00e3o<\/li><\/ul><hr data-start=\"2992\" data-end=\"2995\" \/><h2 data-section-id=\"1dbk32e\" data-start=\"2997\" data-end=\"3022\">7. Seguran\u00e7a dos dados<\/h2><p data-start=\"3024\" data-end=\"3192\">Adotamos medidas <strong data-start=\"3041\" data-end=\"3081\">t\u00e9cnicas e organizacionais adequadas<\/strong> para proteger os seus dados contra perda, utiliza\u00e7\u00e3o indevida, acesso n\u00e3o autorizado, altera\u00e7\u00e3o ou destrui\u00e7\u00e3o.<\/p><p data-start=\"3194\" data-end=\"3315\">Os seus <strong data-start=\"3202\" data-end=\"3270\">dados de pagamento s\u00e3o processados por fornecedores certificados<\/strong> e n\u00e3o s\u00e3o armazenados nos nossos servidores.<\/p><hr data-start=\"3317\" data-end=\"3320\" \/><h2 data-section-id=\"3y2b4k\" data-start=\"3322\" data-end=\"3345\">8. Partilha de dados<\/h2><p data-start=\"3347\" data-end=\"3396\">Podemos partilhar as suas informa\u00e7\u00f5es apenas com:<\/p><ul data-start=\"3398\" data-end=\"3635\"><li data-section-id=\"qq4p6u\" data-start=\"3398\" data-end=\"3468\"><strong data-start=\"3400\" data-end=\"3430\">Processadores de pagamento<\/strong> (para processar transa\u00e7\u00f5es seguras)<\/li><li data-section-id=\"xqkyv4\" data-start=\"3469\" data-end=\"3543\"><strong data-start=\"3471\" data-end=\"3515\">Parceiros contabil\u00edsticos e de fatura\u00e7\u00e3o<\/strong> (para cumprimento fiscal)<\/li><li data-section-id=\"1b1qve0\" data-start=\"3544\" data-end=\"3635\"><strong data-start=\"3546\" data-end=\"3587\">Fornecedores de servi\u00e7os inform\u00e1ticos<\/strong> (para alojamento do website e envio de e-mails)<\/li><\/ul><p data-start=\"3637\" data-end=\"3723\">Todos os parceiros cumprem o <strong data-start=\"3666\" data-end=\"3674\">RGPD<\/strong> e est\u00e3o sujeitos a acordos de confidencialidade.<\/p><hr data-start=\"3725\" data-end=\"3728\" \/><h2 data-section-id=\"1m2ueia\" data-start=\"3730\" data-end=\"3773\">9. Cookies e tecnologias de rastreamento<\/h2><p data-start=\"3775\" data-end=\"3882\">O nosso website utiliza <strong data-start=\"3799\" data-end=\"3810\">cookies<\/strong> para melhorar a experi\u00eancia do utilizador e analisar o tr\u00e1fego do site.<\/p><p data-start=\"3884\" data-end=\"3998\">Os cookies s\u00e3o pequenos ficheiros armazenados no seu dispositivo que nos ajudam a reconhecer as suas prefer\u00eancias.<\/p><p data-start=\"4000\" data-end=\"4084\">Pode <strong data-start=\"4005\" data-end=\"4029\">desativar os cookies<\/strong> nas configura\u00e7\u00f5es do seu navegador a qualquer momento.<\/p><hr data-start=\"4086\" data-end=\"4089\" \/><h2 data-section-id=\"1n1kh6x\" data-start=\"4091\" data-end=\"4132\">10. Os seus direitos ao abrigo do RGPD<\/h2><p data-start=\"4134\" data-end=\"4151\">Tem o direito de:<\/p><ul data-start=\"4153\" data-end=\"4454\"><li data-section-id=\"yxb79p\" data-start=\"4153\" data-end=\"4187\">Aceder aos seus dados pessoais<\/li><li data-section-id=\"1cna519\" data-start=\"4188\" data-end=\"4230\">Corrigir ou atualizar dados incorretos<\/li><li data-section-id=\"bbwe32\" data-start=\"4231\" data-end=\"4300\">Solicitar a elimina\u00e7\u00e3o dos seus dados (\u201cdireito ao esquecimento\u201d)<\/li><li data-section-id=\"7pcm6f\" data-start=\"4301\" data-end=\"4348\">Opor-se ao tratamento por motivos leg\u00edtimos<\/li><li data-section-id=\"1qpzjai\" data-start=\"4349\" data-end=\"4388\">Solicitar a portabilidade dos dados<\/li><li data-section-id=\"mwzd8n\" data-start=\"4389\" data-end=\"4454\">Retirar o seu consentimento (se tiver sido dado para marketing)<\/li><\/ul><p data-start=\"4456\" data-end=\"4546\">Para exercer qualquer um destes direitos, contacte-nos em:<br data-start=\"4514\" data-end=\"4517\" \/>\ud83d\udce7 <strong data-start=\"4520\" data-end=\"4546\"><a class=\"decorated-link cursor-pointer\" rel=\"noopener\" data-start=\"4522\" data-end=\"4544\">softlite.srl@gmail.com<\/a><\/strong><\/p><hr data-start=\"4548\" data-end=\"4551\" \/><h2 data-section-id=\"xpqg6z\" data-start=\"4553\" data-end=\"4598\">11. Transfer\u00eancias internacionais de dados<\/h2><p data-start=\"4600\" data-end=\"4757\">Todos os dados pessoais s\u00e3o <strong data-start=\"4628\" data-end=\"4682\">armazenados e processados dentro da Uni\u00e3o Europeia<\/strong>.<br data-start=\"4683\" data-end=\"4686\" \/>N\u00e3o transferimos dados para fora do <strong data-start=\"4722\" data-end=\"4756\">Espa\u00e7o Econ\u00f3mico Europeu (EEE)<\/strong>.<\/p><hr data-start=\"4759\" data-end=\"4762\" \/><h2 data-section-id=\"wigc6w\" data-start=\"4764\" data-end=\"4805\">12. Newsletters e e-mails de marketing<\/h2><p data-start=\"4807\" data-end=\"4879\">Se subscrever a nossa newsletter, utilizaremos o seu e-mail para enviar:<\/p><ul data-start=\"4881\" data-end=\"4943\"><li data-section-id=\"1vlvyrq\" data-start=\"4881\" data-end=\"4909\">Atualiza\u00e7\u00f5es de produtos<\/li><li data-section-id=\"14hjdc3\" data-start=\"4910\" data-end=\"4923\">Promo\u00e7\u00f5es<\/li><li data-section-id=\"r9bapu\" data-start=\"4924\" data-end=\"4943\">Ofertas especiais<\/li><\/ul><p data-start=\"4945\" data-end=\"5089\">Pode <strong data-start=\"4950\" data-end=\"4994\">cancelar a subscri\u00e7\u00e3o a qualquer momento<\/strong> clicando no link \u201cCancelar subscri\u00e7\u00e3o\u201d presente em cada e-mail ou contactando-nos diretamente.<\/p><hr data-start=\"5091\" data-end=\"5094\" \/><h2 data-section-id=\"p2j27w\" data-start=\"5096\" data-end=\"5131\">13. Links para websites externos<\/h2><p data-start=\"5133\" data-end=\"5283\">O nosso website pode conter links para websites de terceiros.<br data-start=\"5194\" data-end=\"5197\" \/>N\u00e3o somos respons\u00e1veis pelas <strong data-start=\"5226\" data-end=\"5266\">pr\u00e1ticas de privacidade ou conte\u00fados<\/strong> desses websites.<\/p><hr data-start=\"5285\" data-end=\"5288\" \/><h2 data-section-id=\"13k5hg3\" data-start=\"5290\" data-end=\"5324\">14. Atualiza\u00e7\u00f5es desta pol\u00edtica<\/h2><p data-start=\"5326\" data-end=\"5478\">Podemos atualizar ocasionalmente esta <strong data-start=\"5364\" data-end=\"5391\">Pol\u00edtica de Privacidade<\/strong> para refletir altera\u00e7\u00f5es legais ou melhorias nas nossas pr\u00e1ticas de prote\u00e7\u00e3o de dados.<\/p><p data-start=\"5480\" data-end=\"5540\">A vers\u00e3o mais recente estar\u00e1 sempre dispon\u00edvel nesta p\u00e1gina.<\/p><hr data-start=\"5542\" data-end=\"5545\" \/><h2 data-section-id=\"1upgfq8\" data-start=\"5547\" data-end=\"5562\">15. Contacto<\/h2><p data-start=\"5564\" data-end=\"5631\">Para qualquer quest\u00e3o relacionada com privacidade, contacte-nos em:<\/p><p data-start=\"5633\" data-end=\"5662\" data-is-last-node=\"\" data-is-only-node=\"\">\ud83d\udce7 <strong data-start=\"5636\" data-end=\"5662\" data-is-last-node=\"\"><a class=\"decorated-link cursor-pointer\" rel=\"noopener\" data-start=\"5638\" data-end=\"5660\">softlite.srl@gmail.com<\/a><\/strong><\/p><\/div><\/div><\/div><\/div><div class=\"z-0 flex min-h-[46px] justify-start\">\u00a0<\/div><div class=\"mt-3 w-full empty:hidden\"><div class=\"text-center\">\u00a0<\/div><\/div><\/div><\/div><\/section><\/div><div class=\"pointer-events-none h-px w-px absolute bottom-0\" aria-hidden=\"true\" data-edge=\"true\">\u00a0<\/div>\t\t\t\t\t\t\t\t<\/div>\n\t\t\t\t\t<\/div>\n\t\t\t\t<\/div>\n\t\t\t\t<\/div>\n\t\t","protected":false},"excerpt":{"rendered":"<p>Data de entrada em vigor: April de 2026Website: softlite.ptEmpresa: Softlite S.R.L.N\u00famero de identifica\u00e7\u00e3o fiscal (IVA): RO51878112Endere\u00e7o registado: Comuna L\u0103z\u0103reni, Nr. 38, Miheleu, Condado de Bihor, Rom\u00e9nia, 417313E-mail: softlite.srl@gmail.com Pol\u00edtica de Privacidade 1. Introdu\u00e7\u00e3o A Softlite S.R.L. (\u201cn\u00f3s\u201d, \u201cnos\u201d ou \u201cnosso\u201d) valoriza a sua privacidade e compromete-se a proteger os seus dados pessoais.Esta Pol\u00edtica de Privacidade [&hellip;]<\/p>\n","protected":false},"author":1,"featured_media":0,"parent":0,"menu_order":0,"comment_status":"closed","ping_status":"closed","template":"","meta":{"footnotes":""},"class_list":["post-980","page","type-page","status-publish","hentry"],"blocksy_meta":[],"_links":{"self":[{"href":"https:\/\/softlite.pt\/pt\/wp-json\/wp\/v2\/pages\/980","targetHints":{"allow":["GET"]}}],"collection":[{"href":"https:\/\/softlite.pt\/pt\/wp-json\/wp\/v2\/pages"}],"about":[{"href":"https:\/\/softlite.pt\/pt\/wp-json\/wp\/v2\/types\/page"}],"author":[{"embeddable":true,"href":"https:\/\/softlite.pt\/pt\/wp-json\/wp\/v2\/users\/1"}],"replies":[{"embeddable":true,"href":"https:\/\/softlite.pt\/pt\/wp-json\/wp\/v2\/comments?post=980"}],"version-history":[{"count":17,"href":"https:\/\/softlite.pt\/pt\/wp-json\/wp\/v2\/pages\/980\/revisions"}],"predecessor-version":[{"id":2602,"href":"https:\/\/softlite.pt\/pt\/wp-json\/wp\/v2\/pages\/980\/revisions\/2602"}],"wp:attachment":[{"href":"https:\/\/softlite.pt\/pt\/wp-json\/wp\/v2\/media?parent=980"}],"curies":[{"name":"wp","href":"https:\/\/api.w.org\/{rel}","templated":true}]}}